{"id":49,"date":"2024-04-03T14:35:40","date_gmt":"2024-04-03T12:35:40","guid":{"rendered":"https:\/\/dprobotickesekacky.cz\/?page_id=49"},"modified":"2024-05-09T11:17:44","modified_gmt":"2024-05-09T09:17:44","slug":"podekovani","status":"publish","type":"page","link":"https:\/\/dprobotickesekacky.cz\/index.php\/podekovani\/","title":{"rendered":"Pod\u011bkov\u00e1n\u00ed"},"content":{"rendered":"<p>[et_pb_section fb_built=&#8220;1&#8243; _builder_version=&#8220;4.22.2&#8243; _module_preset=&#8220;default&#8220; background_color=&#8220;gcid-99602882-e6bd-451e-995b-bc9c771afba7&#8243; use_background_color_gradient=&#8220;on&#8220; background_color_gradient_stops=&#8220;#7ed957 0%|#2e7239 84%|gcid-99602882-e6bd-451e-995b-bc9c771afba7 84%&#8220; custom_padding=&#8220;0px||9px||false|false&#8220; global_colors_info=&#8220;{%22gcid-8a5bf269-66f3-4be7-80f6-1e00a6225184%22:%91%22background_color_gradient_stops%22%93,%22gcid-57d15489-1d71-4a33-8b14-5dcb2cdf5bba%22:%91%22background_color_gradient_stops%22%93,%22gcid-0dabc09f-2de5-4267-87be-59fd6a16d8cb%22:%91%22background_color_gradient_stops%22%93,%22gcid-99602882-e6bd-451e-995b-bc9c771afba7%22:%91%22background_color_gradient_stops%22,%22background_color%22%93}&#8220;][et_pb_row column_structure=&#8220;1_3,1_3,1_3&#8243; make_equal=&#8220;on&#8220; _builder_version=&#8220;4.22.2&#8243; _module_preset=&#8220;default&#8220; custom_padding=&#8220;0px||0px||false|false&#8220; custom_css_main_element=&#8220;margin:auto;&#8220; global_colors_info=&#8220;{}&#8220;][et_pb_column type=&#8220;1_3&#8243; _builder_version=&#8220;4.22.2&#8243; _module_preset=&#8220;default&#8220; global_colors_info=&#8220;{}&#8220;][\/et_pb_column][et_pb_column type=&#8220;1_3&#8243; _builder_version=&#8220;4.22.2&#8243; _module_preset=&#8220;default&#8220; custom_css_main_element=&#8220;margin:auto;&#8220; global_colors_info=&#8220;{}&#8220;][et_pb_image src=&#8220;https:\/\/dprobotickesekacky.cz\/wp-content\/uploads\/2024\/04\/ROBOTICKE_SEKACKY_LOGO-03.svg&#8220; title_text=&#8220;ROBOTICKE_SEKACKY_LOGO-03&#8243; align=&#8220;center&#8220; _builder_version=&#8220;4.22.2&#8243; _module_preset=&#8220;default&#8220; background_color=&#8220;#FFFFFF&#8220; max_width=&#8220;150px&#8220; custom_margin=&#8220;0px||||false|false&#8220; custom_padding=&#8220;20px|20px|20px|20px|false|false&#8220; custom_css_main_element=&#8220;border-radius: 0 0 30px 30px;&#8220; border_radii=&#8220;off||||&#8220; global_colors_info=&#8220;{}&#8220;][\/et_pb_image][\/et_pb_column][et_pb_column type=&#8220;1_3&#8243; _builder_version=&#8220;4.22.2&#8243; _module_preset=&#8220;default&#8220; custom_css_main_element=&#8220;margin:auto;&#8220; global_colors_info=&#8220;{}&#8220;][\/et_pb_column][\/et_pb_row][et_pb_row _builder_version=&#8220;4.22.2&#8243; _module_preset=&#8220;default&#8220; global_colors_info=&#8220;{}&#8220;][et_pb_column type=&#8220;4_4&#8243; _builder_version=&#8220;4.22.2&#8243; _module_preset=&#8220;default&#8220; global_colors_info=&#8220;{}&#8220;][et_pb_text _builder_version=&#8220;4.22.2&#8243; _module_preset=&#8220;03dc7779-20d5-4c89-858a-87e196a8d023&#8243; text_font=&#8220;Maven Pro||||||||&#8220; text_font_size=&#8220;16px&#8220; text_line_height=&#8220;1.5em&#8220; header_font=&#8220;Maven Pro|500|||||||&#8220; header_text_align=&#8220;center&#8220; header_text_color=&#8220;#FFFFFF&#8220; header_font_size=&#8220;64px&#8220; header_2_font=&#8220;Maven Pro|500|||||||&#8220; header_2_text_align=&#8220;center&#8220; header_2_font_size=&#8220;64px&#8220; header_3_font=&#8220;Maven Pro|500|||||||&#8220; header_3_text_align=&#8220;center&#8220; header_3_font_size=&#8220;42px&#8220; header_4_font=&#8220;Maven Pro|500|||||||&#8220; header_4_text_align=&#8220;center&#8220; header_4_font_size=&#8220;38px&#8220; max_width=&#8220;50%&#8220; module_alignment=&#8220;center&#8220; header_font_size_tablet=&#8220;64px&#8220; header_font_size_phone=&#8220;42px&#8220; header_font_size_last_edited=&#8220;on|phone&#8220; header_2_font_size_tablet=&#8220;52px&#8220; header_2_font_size_phone=&#8220;34px&#8220; header_2_font_size_last_edited=&#8220;on|desktop&#8220; header_3_font_size_tablet=&#8220;38px&#8220; header_3_font_size_phone=&#8220;32px&#8220; header_3_font_size_last_edited=&#8220;on|phone&#8220; header_4_font_size_tablet=&#8220;34px&#8220; header_4_font_size_phone=&#8220;28px&#8220; header_4_font_size_last_edited=&#8220;on|desktop&#8220; global_colors_info=&#8220;{}&#8220;]<\/p>\n<h1>D\u011bkujeme \u017ee jste n\u00e1s kontaktovali. Ozveme ihned jak to bude mo\u017en\u00e9.<\/h1>\n<p>[\/et_pb_text][et_pb_button button_url=&#8220;@ET-DC@eyJkeW5hbWljIjp0cnVlLCJjb250ZW50IjoiaG9tZV91cmwiLCJzZXR0aW5ncyI6e319@&#8220; button_text=&#8220;Vr\u00e1tit se na p\u0159edchoz\u00ed str\u00e1nku&#8220; button_alignment=&#8220;center&#8220; _builder_version=&#8220;4.22.2&#8243; _dynamic_attributes=&#8220;button_url&#8220; _module_preset=&#8220;default&#8220; custom_button=&#8220;on&#8220; button_text_color=&#8220;#FFFFFF&#8220; button_bg_color=&#8220;#000000&#8243; button_icon=&#8220;&#xe074;||divi||400&#8243; button_icon_placement=&#8220;left&#8220; global_colors_info=&#8220;{}&#8220;][\/et_pb_button][\/et_pb_column][\/et_pb_row][et_pb_row _builder_version=&#8220;4.24.2&#8243; _module_preset=&#8220;default&#8220; custom_margin=&#8220;||-35px||false|false&#8220; global_colors_info=&#8220;{}&#8220;][et_pb_column type=&#8220;4_4&#8243; _builder_version=&#8220;4.22.2&#8243; _module_preset=&#8220;default&#8220; global_colors_info=&#8220;{}&#8220;][et_pb_image src=&#8220;https:\/\/dprobotickesekacky.cz\/wp-content\/uploads\/2024\/04\/MAIN_IMAGE2comp.png&#8220; alt=&#8220;Sekacky Stiga &#8211; roboticke sekacky&#8220; title_text=&#8220;MAIN_IMAGE2comp&#8220; _builder_version=&#8220;4.25.0&#8243; _module_preset=&#8220;default&#8220; module_alignment=&#8220;center&#8220; global_colors_info=&#8220;{}&#8220;][\/et_pb_image][\/et_pb_column][\/et_pb_row][\/et_pb_section]<\/p>\n","protected":false},"excerpt":{"rendered":"<p>D\u011bkujeme \u017ee jste n\u00e1s kontaktovali. Ozveme ihned jak to bude mo\u017en\u00e9.<\/p>\n","protected":false},"author":2,"featured_media":0,"parent":0,"menu_order":0,"comment_status":"closed","ping_status":"closed","template":"","meta":{"_et_pb_use_builder":"on","_et_pb_old_content":"","_et_gb_content_width":"","footnotes":""},"class_list":["post-49","page","type-page","status-publish","hentry"],"aioseo_notices":[],"_links":{"self":[{"href":"https:\/\/dprobotickesekacky.cz\/index.php\/wp-json\/wp\/v2\/pages\/49","targetHints":{"allow":["GET"]}}],"collection":[{"href":"https:\/\/dprobotickesekacky.cz\/index.php\/wp-json\/wp\/v2\/pages"}],"about":[{"href":"https:\/\/dprobotickesekacky.cz\/index.php\/wp-json\/wp\/v2\/types\/page"}],"author":[{"embeddable":true,"href":"https:\/\/dprobotickesekacky.cz\/index.php\/wp-json\/wp\/v2\/users\/2"}],"replies":[{"embeddable":true,"href":"https:\/\/dprobotickesekacky.cz\/index.php\/wp-json\/wp\/v2\/comments?post=49"}],"version-history":[{"count":6,"href":"https:\/\/dprobotickesekacky.cz\/index.php\/wp-json\/wp\/v2\/pages\/49\/revisions"}],"predecessor-version":[{"id":132,"href":"https:\/\/dprobotickesekacky.cz\/index.php\/wp-json\/wp\/v2\/pages\/49\/revisions\/132"}],"wp:attachment":[{"href":"https:\/\/dprobotickesekacky.cz\/index.php\/wp-json\/wp\/v2\/media?parent=49"}],"curies":[{"name":"wp","href":"https:\/\/api.w.org\/{rel}","templated":true}]}}